{"id":5733,"date":"2021-05-20T13:54:15","date_gmt":"2021-05-20T11:54:15","guid":{"rendered":"https:\/\/www.frantisekjungvirt.com\/en\/?post_type=product&#038;p=5733"},"modified":"2025-11-02T09:27:08","modified_gmt":"2025-11-02T08:27:08","slug":"garden-hand-cut-unique-amber-aquamarine-unique-reserved","status":"publish","type":"product","link":"https:\/\/www.frantisekjungvirt.com\/en\/product\/garden-hand-cut-unique-amber-aquamarine-unique-reserved\/","title":{"rendered":"GARDEN UNIQUE BRUTALISM (COLLECTIBLE UNIQUE\/SOLD)"},"content":{"rendered":"<p>You can find more photos and information on the project page.<\/p>\n","protected":false},"excerpt":{"rendered":"<p><strong>A Unique Collectible vase<\/strong>, hand cutted.<\/p>\n<p>&nbsp;<\/p>\n<p>Made in <strong>only one piece<\/strong>.<\/p>\n<p>&nbsp;<\/p>\n<p>Each vase is mouth-blown (by C<strong>zech crystal glass<\/strong>) into a wooden mold, hand sanded and polished to the high gloss.<\/p>\n<p>&nbsp;<\/p>\n<p>The modern silhouette of the vase in an atypical color alludes to the classic Czech tradition of glass hand cutting difficult patterns into <strong>czech crystal glass<\/strong>.<\/p>\n<p>&nbsp;<\/p>\n<p>Inspired by\u00a0<strong>brutalist architecture<\/strong>, the rawness of the material and the\u00a0<strong>optical play of light<\/strong>\u00a0<strong>passing through the glass<\/strong>.<\/p>\n<p>&nbsp;<\/p>\n<p>Glass cutting on \u200b\u200bthe vase was created by<strong> master glass cutter Ji\u0159\u00ed \u0160tencl<\/strong>, Jablonec nad Nisou, <strong>Czech Republic<\/strong>.<\/p>\n<p>&nbsp;<\/p>\n<p>The vase is hand signed, numbered and certified.<\/p>\n<p>&nbsp;<\/p>\n<p><strong>More informations at frantisekjungvirt@gmail.com.<\/strong><\/p>\n<p>&nbsp;<\/p>\n<p><strong>Parameters:<\/strong><\/p>\n<ul>\n<li>glass, mouth-blown, amber glass with aquamarine underlaid color, hand-cut and polished to the highest gloss<\/li>\n<li>34,5 x 16 cm<\/li>\n<\/ul>\n","protected":false},"featured_media":5678,"template":"","meta":{"_acf_changed":false},"product_brand":[],"product_cat":[51,89,21],"product_tag":[],"class_list":{"0":"post-5733","1":"product","2":"type-product","3":"status-publish","4":"has-post-thumbnail","6":"product_cat-craft","7":"product_cat-garden-unique-brutalism","8":"product_cat-nezarazene","10":"first","11":"outofstock","12":"taxable","13":"shipping-taxable","14":"purchasable","15":"product-type-simple"},"acf":[],"yoast_head":"<!-- This site is optimized with the Yoast SEO plugin v25.5 - https:\/\/yoast.com\/wordpress\/plugins\/seo\/ -->\n<title>GARDEN UNIQUE BRUTALISM (COLLECTIBLE UNIQUE\/SOLD) - ENG Franti\u0161ek Jungvirt<\/title>\n<meta name=\"robots\" content=\"index, follow, max-snippet:-1, max-image-preview:large, max-video-preview:-1\" \/>\n<link rel=\"canonical\" href=\"https:\/\/www.frantisekjungvirt.com\/en\/product\/garden-hand-cut-unique-amber-aquamarine-unique-reserved\/\" \/>\n<meta property=\"og:locale\" content=\"en_US\" \/>\n<meta property=\"og:type\" content=\"article\" \/>\n<meta property=\"og:title\" content=\"GARDEN UNIQUE BRUTALISM (COLLECTIBLE UNIQUE\/SOLD) - ENG Franti\u0161ek Jungvirt\" \/>\n<meta property=\"og:description\" content=\"A Unique Collectible vase, hand cutted.  &nbsp;  Made in only one piece.  &nbsp;  Each vase is mouth-blown (by Czech crystal glass) into a wooden mold, hand sanded and polished to the high gloss.  &nbsp;  The modern silhouette of the vase in an atypical color alludes to the classic Czech tradition of glass hand cutting difficult patterns into czech crystal glass.  &nbsp;  Inspired by\u00a0brutalist architecture, the rawness of the material and the\u00a0optical play of light\u00a0passing through the glass.  &nbsp;  Glass cutting on \u200b\u200bthe vase was created by master glass cutter Ji\u0159\u00ed \u0160tencl, Jablonec nad Nisou, Czech Republic.  &nbsp;  The vase is hand signed, numbered and certified.  &nbsp;  More informations at frantisekjungvirt@gmail.com.  &nbsp;  Parameters:   glass, mouth-blown, amber glass with aquamarine underlaid color, hand-cut and polished to the highest gloss  34,5 x 16 cm\" \/>\n<meta property=\"og:url\" content=\"https:\/\/www.frantisekjungvirt.com\/en\/product\/garden-hand-cut-unique-amber-aquamarine-unique-reserved\/\" \/>\n<meta property=\"og:site_name\" content=\"ENG Franti\u0161ek Jungvirt\" \/>\n<meta property=\"article:modified_time\" content=\"2025-11-02T08:27:08+00:00\" \/>\n<meta property=\"og:image\" content=\"https:\/\/www.frantisekjungvirt.com\/en\/wp-content\/uploads\/sites\/2\/2023\/12\/Frantisek-Jungvirt-produktove-foto-20.jpg\" \/>\n\t<meta property=\"og:image:width\" content=\"1428\" \/>\n\t<meta property=\"og:image:height\" content=\"2000\" \/>\n\t<meta property=\"og:image:type\" content=\"image\/jpeg\" \/>\n<meta name=\"twitter:card\" content=\"summary_large_image\" \/>\n<meta name=\"twitter:label1\" content=\"Est. reading time\" \/>\n\t<meta name=\"twitter:data1\" content=\"1 minute\" \/>\n<script type=\"application\/ld+json\" class=\"yoast-schema-graph\">{\"@context\":\"https:\/\/schema.org\",\"@graph\":[{\"@type\":\"WebPage\",\"@id\":\"https:\/\/www.frantisekjungvirt.com\/en\/product\/garden-hand-cut-unique-amber-aquamarine-unique-reserved\/\",\"url\":\"https:\/\/www.frantisekjungvirt.com\/en\/product\/garden-hand-cut-unique-amber-aquamarine-unique-reserved\/\",\"name\":\"GARDEN UNIQUE BRUTALISM (COLLECTIBLE UNIQUE\/SOLD) - ENG Franti\u0161ek Jungvirt\",\"isPartOf\":{\"@id\":\"https:\/\/www.frantisekjungvirt.com\/en\/#website\"},\"primaryImageOfPage\":{\"@id\":\"https:\/\/www.frantisekjungvirt.com\/en\/product\/garden-hand-cut-unique-amber-aquamarine-unique-reserved\/#primaryimage\"},\"image\":{\"@id\":\"https:\/\/www.frantisekjungvirt.com\/en\/product\/garden-hand-cut-unique-amber-aquamarine-unique-reserved\/#primaryimage\"},\"thumbnailUrl\":\"https:\/\/www.frantisekjungvirt.com\/en\/wp-content\/uploads\/sites\/2\/2023\/12\/Frantisek-Jungvirt-produktove-foto-20.jpg\",\"datePublished\":\"2021-05-20T11:54:15+00:00\",\"dateModified\":\"2025-11-02T08:27:08+00:00\",\"breadcrumb\":{\"@id\":\"https:\/\/www.frantisekjungvirt.com\/en\/product\/garden-hand-cut-unique-amber-aquamarine-unique-reserved\/#breadcrumb\"},\"inLanguage\":\"en-US\",\"potentialAction\":[{\"@type\":\"ReadAction\",\"target\":[\"https:\/\/www.frantisekjungvirt.com\/en\/product\/garden-hand-cut-unique-amber-aquamarine-unique-reserved\/\"]}]},{\"@type\":\"ImageObject\",\"inLanguage\":\"en-US\",\"@id\":\"https:\/\/www.frantisekjungvirt.com\/en\/product\/garden-hand-cut-unique-amber-aquamarine-unique-reserved\/#primaryimage\",\"url\":\"https:\/\/www.frantisekjungvirt.com\/en\/wp-content\/uploads\/sites\/2\/2023\/12\/Frantisek-Jungvirt-produktove-foto-20.jpg\",\"contentUrl\":\"https:\/\/www.frantisekjungvirt.com\/en\/wp-content\/uploads\/sites\/2\/2023\/12\/Frantisek-Jungvirt-produktove-foto-20.jpg\",\"width\":1428,\"height\":2000},{\"@type\":\"BreadcrumbList\",\"@id\":\"https:\/\/www.frantisekjungvirt.com\/en\/product\/garden-hand-cut-unique-amber-aquamarine-unique-reserved\/#breadcrumb\",\"itemListElement\":[{\"@type\":\"ListItem\",\"position\":1,\"name\":\"Home\",\"item\":\"https:\/\/www.frantisekjungvirt.com\/en\/\"},{\"@type\":\"ListItem\",\"position\":2,\"name\":\"E-SHOP\",\"item\":\"https:\/\/www.frantisekjungvirt.com\/en\/shop\/\"},{\"@type\":\"ListItem\",\"position\":3,\"name\":\"Craft\",\"item\":\"https:\/\/www.frantisekjungvirt.com\/en\/product-category\/craft\/\"},{\"@type\":\"ListItem\",\"position\":4,\"name\":\"GARDEN UNIQUE BRUTALISM\",\"item\":\"https:\/\/www.frantisekjungvirt.com\/en\/product-category\/craft\/garden-unique-brutalism\/\"},{\"@type\":\"ListItem\",\"position\":5,\"name\":\"GARDEN UNIQUE BRUTALISM (COLLECTIBLE UNIQUE\/SOLD)\"}]},{\"@type\":\"WebSite\",\"@id\":\"https:\/\/www.frantisekjungvirt.com\/en\/#website\",\"url\":\"https:\/\/www.frantisekjungvirt.com\/en\/\",\"name\":\"ENG Franti\u0161ek Jungvirt\",\"description\":\"Czech art glass Painting and Design\",\"potentialAction\":[{\"@type\":\"SearchAction\",\"target\":{\"@type\":\"EntryPoint\",\"urlTemplate\":\"https:\/\/www.frantisekjungvirt.com\/en\/?s={search_term_string}\"},\"query-input\":{\"@type\":\"PropertyValueSpecification\",\"valueRequired\":true,\"valueName\":\"search_term_string\"}}],\"inLanguage\":\"en-US\"}]}<\/script>\n<!-- \/ Yoast SEO plugin. -->","yoast_head_json":{"title":"GARDEN UNIQUE BRUTALISM (COLLECTIBLE UNIQUE\/SOLD) - ENG Franti\u0161ek Jungvirt","robots":{"index":"index","follow":"follow","max-snippet":"max-snippet:-1","max-image-preview":"max-image-preview:large","max-video-preview":"max-video-preview:-1"},"canonical":"https:\/\/www.frantisekjungvirt.com\/en\/product\/garden-hand-cut-unique-amber-aquamarine-unique-reserved\/","og_locale":"en_US","og_type":"article","og_title":"GARDEN UNIQUE BRUTALISM (COLLECTIBLE UNIQUE\/SOLD) - ENG Franti\u0161ek Jungvirt","og_description":"A Unique Collectible vase, hand cutted.  &nbsp;  Made in only one piece.  &nbsp;  Each vase is mouth-blown (by Czech crystal glass) into a wooden mold, hand sanded and polished to the high gloss.  &nbsp;  The modern silhouette of the vase in an atypical color alludes to the classic Czech tradition of glass hand cutting difficult patterns into czech crystal glass.  &nbsp;  Inspired by\u00a0brutalist architecture, the rawness of the material and the\u00a0optical play of light\u00a0passing through the glass.  &nbsp;  Glass cutting on \u200b\u200bthe vase was created by master glass cutter Ji\u0159\u00ed \u0160tencl, Jablonec nad Nisou, Czech Republic.  &nbsp;  The vase is hand signed, numbered and certified.  &nbsp;  More informations at frantisekjungvirt@gmail.com.  &nbsp;  Parameters:   glass, mouth-blown, amber glass with aquamarine underlaid color, hand-cut and polished to the highest gloss  34,5 x 16 cm","og_url":"https:\/\/www.frantisekjungvirt.com\/en\/product\/garden-hand-cut-unique-amber-aquamarine-unique-reserved\/","og_site_name":"ENG Franti\u0161ek Jungvirt","article_modified_time":"2025-11-02T08:27:08+00:00","og_image":[{"width":1428,"height":2000,"url":"https:\/\/www.frantisekjungvirt.com\/en\/wp-content\/uploads\/sites\/2\/2023\/12\/Frantisek-Jungvirt-produktove-foto-20.jpg","type":"image\/jpeg"}],"twitter_card":"summary_large_image","twitter_misc":{"Est. reading time":"1 minute"},"schema":{"@context":"https:\/\/schema.org","@graph":[{"@type":"WebPage","@id":"https:\/\/www.frantisekjungvirt.com\/en\/product\/garden-hand-cut-unique-amber-aquamarine-unique-reserved\/","url":"https:\/\/www.frantisekjungvirt.com\/en\/product\/garden-hand-cut-unique-amber-aquamarine-unique-reserved\/","name":"GARDEN UNIQUE BRUTALISM (COLLECTIBLE UNIQUE\/SOLD) - ENG Franti\u0161ek Jungvirt","isPartOf":{"@id":"https:\/\/www.frantisekjungvirt.com\/en\/#website"},"primaryImageOfPage":{"@id":"https:\/\/www.frantisekjungvirt.com\/en\/product\/garden-hand-cut-unique-amber-aquamarine-unique-reserved\/#primaryimage"},"image":{"@id":"https:\/\/www.frantisekjungvirt.com\/en\/product\/garden-hand-cut-unique-amber-aquamarine-unique-reserved\/#primaryimage"},"thumbnailUrl":"https:\/\/www.frantisekjungvirt.com\/en\/wp-content\/uploads\/sites\/2\/2023\/12\/Frantisek-Jungvirt-produktove-foto-20.jpg","datePublished":"2021-05-20T11:54:15+00:00","dateModified":"2025-11-02T08:27:08+00:00","breadcrumb":{"@id":"https:\/\/www.frantisekjungvirt.com\/en\/product\/garden-hand-cut-unique-amber-aquamarine-unique-reserved\/#breadcrumb"},"inLanguage":"en-US","potentialAction":[{"@type":"ReadAction","target":["https:\/\/www.frantisekjungvirt.com\/en\/product\/garden-hand-cut-unique-amber-aquamarine-unique-reserved\/"]}]},{"@type":"ImageObject","inLanguage":"en-US","@id":"https:\/\/www.frantisekjungvirt.com\/en\/product\/garden-hand-cut-unique-amber-aquamarine-unique-reserved\/#primaryimage","url":"https:\/\/www.frantisekjungvirt.com\/en\/wp-content\/uploads\/sites\/2\/2023\/12\/Frantisek-Jungvirt-produktove-foto-20.jpg","contentUrl":"https:\/\/www.frantisekjungvirt.com\/en\/wp-content\/uploads\/sites\/2\/2023\/12\/Frantisek-Jungvirt-produktove-foto-20.jpg","width":1428,"height":2000},{"@type":"BreadcrumbList","@id":"https:\/\/www.frantisekjungvirt.com\/en\/product\/garden-hand-cut-unique-amber-aquamarine-unique-reserved\/#breadcrumb","itemListElement":[{"@type":"ListItem","position":1,"name":"Home","item":"https:\/\/www.frantisekjungvirt.com\/en\/"},{"@type":"ListItem","position":2,"name":"E-SHOP","item":"https:\/\/www.frantisekjungvirt.com\/en\/shop\/"},{"@type":"ListItem","position":3,"name":"Craft","item":"https:\/\/www.frantisekjungvirt.com\/en\/product-category\/craft\/"},{"@type":"ListItem","position":4,"name":"GARDEN UNIQUE BRUTALISM","item":"https:\/\/www.frantisekjungvirt.com\/en\/product-category\/craft\/garden-unique-brutalism\/"},{"@type":"ListItem","position":5,"name":"GARDEN UNIQUE BRUTALISM (COLLECTIBLE UNIQUE\/SOLD)"}]},{"@type":"WebSite","@id":"https:\/\/www.frantisekjungvirt.com\/en\/#website","url":"https:\/\/www.frantisekjungvirt.com\/en\/","name":"ENG Franti\u0161ek Jungvirt","description":"Czech art glass Painting and Design","potentialAction":[{"@type":"SearchAction","target":{"@type":"EntryPoint","urlTemplate":"https:\/\/www.frantisekjungvirt.com\/en\/?s={search_term_string}"},"query-input":{"@type":"PropertyValueSpecification","valueRequired":true,"valueName":"search_term_string"}}],"inLanguage":"en-US"}]}},"_links":{"self":[{"href":"https:\/\/www.frantisekjungvirt.com\/en\/wp-json\/wp\/v2\/product\/5733","targetHints":{"allow":["GET"]}}],"collection":[{"href":"https:\/\/www.frantisekjungvirt.com\/en\/wp-json\/wp\/v2\/product"}],"about":[{"href":"https:\/\/www.frantisekjungvirt.com\/en\/wp-json\/wp\/v2\/types\/product"}],"wp:featuredmedia":[{"embeddable":true,"href":"https:\/\/www.frantisekjungvirt.com\/en\/wp-json\/wp\/v2\/media\/5678"}],"wp:attachment":[{"href":"https:\/\/www.frantisekjungvirt.com\/en\/wp-json\/wp\/v2\/media?parent=5733"}],"wp:term":[{"taxonomy":"product_brand","embeddable":true,"href":"https:\/\/www.frantisekjungvirt.com\/en\/wp-json\/wp\/v2\/product_brand?post=5733"},{"taxonomy":"product_cat","embeddable":true,"href":"https:\/\/www.frantisekjungvirt.com\/en\/wp-json\/wp\/v2\/product_cat?post=5733"},{"taxonomy":"product_tag","embeddable":true,"href":"https:\/\/www.frantisekjungvirt.com\/en\/wp-json\/wp\/v2\/product_tag?post=5733"}],"curies":[{"name":"wp","href":"https:\/\/api.w.org\/{rel}","templated":true}]}}