{"id":6874,"date":"2024-07-15T17:48:55","date_gmt":"2024-07-15T15:48:55","guid":{"rendered":"https:\/\/www.frantisekjungvirt.com\/en\/?post_type=product&#038;p=6874"},"modified":"2026-03-22T18:16:54","modified_gmt":"2026-03-22T17:16:54","slug":"four-seasons-large-vase-brilliant","status":"publish","type":"product","link":"https:\/\/www.frantisekjungvirt.com\/en\/product\/four-seasons-large-vase-brilliant\/","title":{"rendered":"FOUR SEASONS LARGE VASE AUTUMN"},"content":{"rendered":"<p>You can find more photos and information on the project page.<\/p>\n","protected":false},"excerpt":{"rendered":"<p>A massive object-vase with a characteristic wavy shape.<\/p>\n<p>&nbsp;<\/p>\n<p>In a unique project for the <a href=\"https:\/\/www.fourseasons.com\/prague\/?ppc=true&amp;utm_source=google&amp;utm_medium=paidsearch&amp;utm_campaign=acr-prg-hre-low-brd-sch-xx-na-na&amp;utm_content=na-71700000101050566-58700008076300116-0&amp;utm_term=brand&amp;gad_source=1&amp;gclid=Cj0KCQjwkdO0BhDxARIsANkNcreCUkfEQy49S9GJr24BYOs2QBCMOXJDQOXOOIXAChNmNpPlUJiekmsaAgEvEALw_wcB&amp;gclsrc=aw.ds\">Four Seasons hotel in Prague<\/a>, the art of glassmaking and floristry meet. <strong>Glass artist Franti\u0161ek Jungvirt<\/strong> and<strong> flower magician Ivan \u0160ablat\u00fara<\/strong> have created a unique collection of vases and an installation that decorates the <strong>hotel lobby<\/strong> as well as the <strong>presidential suite<\/strong>, and you too can own a piece of this glass beauty!<\/p>\n<p>&nbsp;<\/p>\n<p>&#8220;For the collection of vases of noble shapes, I was inspired by the<strong> story of flowers<\/strong> <strong>and the all-present luxury<\/strong> of the <a href=\"https:\/\/www.fourseasons.com\/prague\/?ppc=true&amp;utm_source=google&amp;utm_medium=paidsearch&amp;utm_campaign=acr-prg-hre-low-brd-sch-xx-na-na&amp;utm_content=na-71700000101050566-58700008076300116-0&amp;utm_term=brand&amp;gad_source=1&amp;gclid=Cj0KCQjwkdO0BhDxARIsANkNcreCUkfEQy49S9GJr24BYOs2QBCMOXJDQOXOOIXAChNmNpPlUJiekmsaAgEvEALw_wcB&amp;gclsrc=aw.ds\">Four Seasons Hotel<\/a>. Together with master glass melters, we have prepared <strong>unique color combinations<\/strong> of the most expensive rocks, which together create the <strong>magic of colorful beauty<\/strong> <strong>and uniqueness<\/strong> that we put into each hand-blown piece of modern Czech crystal.&#8221; FJ<\/p>\n<p>&nbsp;<\/p>\n<p>The objects are hand-blown into a wooden mold from czech crystal glass. The unique subtle color transition in the glass is caused by the so-called coloring glass rubies, which are wrapped around the basic glass bulb when warm. The mass of glass and the wavy shape of the object create a fairy-tale play of colors and light.<\/p>\n<p>&nbsp;<\/p>\n<p>The exact color, its saturation and distribution on the surface is unique for each vase.<\/p>\n<p>&nbsp;<\/p>\n<p>Each vase is handmade, mouth-blown into a wooden mold using czech crystal glass. Hand-cut and sandblasted. Colored rubies are added to the hot glass to allow a smooth color transition.<\/p>\n<p>&nbsp;<\/p>\n<p>Signed and certified.<\/p>\n<p>&nbsp;<\/p>\n<p><strong>Pieces that are not in stock can be requested at frantisekjungvirt@gmail.com.<\/strong><\/p>\n<p>&nbsp;<\/p>\n<p><strong>Parameters:<\/strong><\/p>\n<ul>\n<li>glass, mouth-blown, hand-cut and polished to the highest gloss, czech crystal glass with underlay color<\/li>\n<\/ul>\n<div>\n<ul>\n<li>34 x 36 cm<\/li>\n<\/ul>\n<\/div>\n","protected":false},"featured_media":6875,"template":"","meta":{"_acf_changed":false},"product_brand":[],"product_cat":[26,70,21],"product_tag":[],"class_list":{"0":"post-6874","1":"product","2":"type-product","3":"status-publish","4":"has-post-thumbnail","6":"product_cat-design","7":"product_cat-four-seasons","8":"product_cat-nezarazene","10":"first","11":"instock","12":"taxable","13":"shipping-taxable","14":"purchasable","15":"product-type-simple"},"acf":[],"yoast_head":"<!-- This site is optimized with the Yoast SEO plugin v25.5 - https:\/\/yoast.com\/wordpress\/plugins\/seo\/ -->\n<title>FOUR SEASONS LARGE VASE AUTUMN - ENG Franti\u0161ek Jungvirt<\/title>\n<meta name=\"robots\" content=\"index, follow, max-snippet:-1, max-image-preview:large, max-video-preview:-1\" \/>\n<link rel=\"canonical\" href=\"https:\/\/www.frantisekjungvirt.com\/en\/product\/four-seasons-large-vase-brilliant\/\" \/>\n<meta property=\"og:locale\" content=\"en_US\" \/>\n<meta property=\"og:type\" content=\"article\" \/>\n<meta property=\"og:title\" content=\"FOUR SEASONS LARGE VASE AUTUMN - ENG Franti\u0161ek Jungvirt\" \/>\n<meta property=\"og:description\" content=\"A massive object-vase with a characteristic wavy shape.  &nbsp;  In a unique project for the Four Seasons hotel in Prague, the art of glassmaking and floristry meet. Glass artist Franti\u0161ek Jungvirt and flower magician Ivan \u0160ablat\u00fara have created a unique collection of vases and an installation that decorates the hotel lobby as well as the presidential suite, and you too can own a piece of this glass beauty!  &nbsp;  &quot;For the collection of vases of noble shapes, I was inspired by the story of flowers and the all-present luxury of the Four Seasons Hotel. Together with master glass melters, we have prepared unique color combinations of the most expensive rocks, which together create the magic of colorful beauty and uniqueness that we put into each hand-blown piece of modern Czech crystal.&quot; FJ  &nbsp;  The objects are hand-blown into a wooden mold from czech crystal glass. The unique subtle color transition in the glass is caused by the so-called coloring glass rubies, which are wrapped around the basic glass bulb when warm. The mass of glass and the wavy shape of the object create a fairy-tale play of colors and light.  &nbsp;  The exact color, its saturation and distribution on the surface is unique for each vase.  &nbsp;  Each vase is handmade, mouth-blown into a wooden mold using czech crystal glass. Hand-cut and sandblasted. Colored rubies are added to the hot glass to allow a smooth color transition.  &nbsp;  Signed and certified.  &nbsp;  Pieces that are not in stock can be requested at frantisekjungvirt@gmail.com.  &nbsp;  Parameters:   glass, mouth-blown, hand-cut and polished to the highest gloss, czech crystal glass with underlay color     34 x 36 cm\" \/>\n<meta property=\"og:url\" content=\"https:\/\/www.frantisekjungvirt.com\/en\/product\/four-seasons-large-vase-brilliant\/\" \/>\n<meta property=\"og:site_name\" content=\"ENG Franti\u0161ek Jungvirt\" \/>\n<meta property=\"article:modified_time\" content=\"2026-03-22T17:16:54+00:00\" \/>\n<meta property=\"og:image\" content=\"https:\/\/www.frantisekjungvirt.com\/en\/wp-content\/uploads\/sites\/2\/2024\/07\/zluta.jpg\" \/>\n\t<meta property=\"og:image:width\" content=\"1429\" \/>\n\t<meta property=\"og:image:height\" content=\"2000\" \/>\n\t<meta property=\"og:image:type\" content=\"image\/jpeg\" \/>\n<meta name=\"twitter:card\" content=\"summary_large_image\" \/>\n<meta name=\"twitter:label1\" content=\"Est. reading time\" \/>\n\t<meta name=\"twitter:data1\" content=\"1 minute\" \/>\n<script type=\"application\/ld+json\" class=\"yoast-schema-graph\">{\"@context\":\"https:\/\/schema.org\",\"@graph\":[{\"@type\":\"WebPage\",\"@id\":\"https:\/\/www.frantisekjungvirt.com\/en\/product\/four-seasons-large-vase-brilliant\/\",\"url\":\"https:\/\/www.frantisekjungvirt.com\/en\/product\/four-seasons-large-vase-brilliant\/\",\"name\":\"FOUR SEASONS LARGE VASE AUTUMN - ENG Franti\u0161ek Jungvirt\",\"isPartOf\":{\"@id\":\"https:\/\/www.frantisekjungvirt.com\/en\/#website\"},\"primaryImageOfPage\":{\"@id\":\"https:\/\/www.frantisekjungvirt.com\/en\/product\/four-seasons-large-vase-brilliant\/#primaryimage\"},\"image\":{\"@id\":\"https:\/\/www.frantisekjungvirt.com\/en\/product\/four-seasons-large-vase-brilliant\/#primaryimage\"},\"thumbnailUrl\":\"https:\/\/www.frantisekjungvirt.com\/en\/wp-content\/uploads\/sites\/2\/2024\/07\/zluta.jpg\",\"datePublished\":\"2024-07-15T15:48:55+00:00\",\"dateModified\":\"2026-03-22T17:16:54+00:00\",\"breadcrumb\":{\"@id\":\"https:\/\/www.frantisekjungvirt.com\/en\/product\/four-seasons-large-vase-brilliant\/#breadcrumb\"},\"inLanguage\":\"en-US\",\"potentialAction\":[{\"@type\":\"ReadAction\",\"target\":[\"https:\/\/www.frantisekjungvirt.com\/en\/product\/four-seasons-large-vase-brilliant\/\"]}]},{\"@type\":\"ImageObject\",\"inLanguage\":\"en-US\",\"@id\":\"https:\/\/www.frantisekjungvirt.com\/en\/product\/four-seasons-large-vase-brilliant\/#primaryimage\",\"url\":\"https:\/\/www.frantisekjungvirt.com\/en\/wp-content\/uploads\/sites\/2\/2024\/07\/zluta.jpg\",\"contentUrl\":\"https:\/\/www.frantisekjungvirt.com\/en\/wp-content\/uploads\/sites\/2\/2024\/07\/zluta.jpg\",\"width\":1429,\"height\":2000},{\"@type\":\"BreadcrumbList\",\"@id\":\"https:\/\/www.frantisekjungvirt.com\/en\/product\/four-seasons-large-vase-brilliant\/#breadcrumb\",\"itemListElement\":[{\"@type\":\"ListItem\",\"position\":1,\"name\":\"Home\",\"item\":\"https:\/\/www.frantisekjungvirt.com\/en\/\"},{\"@type\":\"ListItem\",\"position\":2,\"name\":\"E-SHOP\",\"item\":\"https:\/\/www.frantisekjungvirt.com\/en\/shop\/\"},{\"@type\":\"ListItem\",\"position\":3,\"name\":\"Design\",\"item\":\"https:\/\/www.frantisekjungvirt.com\/en\/product-category\/design\/\"},{\"@type\":\"ListItem\",\"position\":4,\"name\":\"FOUR SEASONS LARGE VASE AUTUMN\"}]},{\"@type\":\"WebSite\",\"@id\":\"https:\/\/www.frantisekjungvirt.com\/en\/#website\",\"url\":\"https:\/\/www.frantisekjungvirt.com\/en\/\",\"name\":\"ENG Franti\u0161ek Jungvirt\",\"description\":\"Czech art glass Painting and Design\",\"potentialAction\":[{\"@type\":\"SearchAction\",\"target\":{\"@type\":\"EntryPoint\",\"urlTemplate\":\"https:\/\/www.frantisekjungvirt.com\/en\/?s={search_term_string}\"},\"query-input\":{\"@type\":\"PropertyValueSpecification\",\"valueRequired\":true,\"valueName\":\"search_term_string\"}}],\"inLanguage\":\"en-US\"}]}<\/script>\n<!-- \/ Yoast SEO plugin. -->","yoast_head_json":{"title":"FOUR SEASONS LARGE VASE AUTUMN - ENG Franti\u0161ek Jungvirt","robots":{"index":"index","follow":"follow","max-snippet":"max-snippet:-1","max-image-preview":"max-image-preview:large","max-video-preview":"max-video-preview:-1"},"canonical":"https:\/\/www.frantisekjungvirt.com\/en\/product\/four-seasons-large-vase-brilliant\/","og_locale":"en_US","og_type":"article","og_title":"FOUR SEASONS LARGE VASE AUTUMN - ENG Franti\u0161ek Jungvirt","og_description":"A massive object-vase with a characteristic wavy shape.  &nbsp;  In a unique project for the Four Seasons hotel in Prague, the art of glassmaking and floristry meet. Glass artist Franti\u0161ek Jungvirt and flower magician Ivan \u0160ablat\u00fara have created a unique collection of vases and an installation that decorates the hotel lobby as well as the presidential suite, and you too can own a piece of this glass beauty!  &nbsp;  \"For the collection of vases of noble shapes, I was inspired by the story of flowers and the all-present luxury of the Four Seasons Hotel. Together with master glass melters, we have prepared unique color combinations of the most expensive rocks, which together create the magic of colorful beauty and uniqueness that we put into each hand-blown piece of modern Czech crystal.\" FJ  &nbsp;  The objects are hand-blown into a wooden mold from czech crystal glass. The unique subtle color transition in the glass is caused by the so-called coloring glass rubies, which are wrapped around the basic glass bulb when warm. The mass of glass and the wavy shape of the object create a fairy-tale play of colors and light.  &nbsp;  The exact color, its saturation and distribution on the surface is unique for each vase.  &nbsp;  Each vase is handmade, mouth-blown into a wooden mold using czech crystal glass. Hand-cut and sandblasted. Colored rubies are added to the hot glass to allow a smooth color transition.  &nbsp;  Signed and certified.  &nbsp;  Pieces that are not in stock can be requested at frantisekjungvirt@gmail.com.  &nbsp;  Parameters:   glass, mouth-blown, hand-cut and polished to the highest gloss, czech crystal glass with underlay color     34 x 36 cm","og_url":"https:\/\/www.frantisekjungvirt.com\/en\/product\/four-seasons-large-vase-brilliant\/","og_site_name":"ENG Franti\u0161ek Jungvirt","article_modified_time":"2026-03-22T17:16:54+00:00","og_image":[{"width":1429,"height":2000,"url":"https:\/\/www.frantisekjungvirt.com\/en\/wp-content\/uploads\/sites\/2\/2024\/07\/zluta.jpg","type":"image\/jpeg"}],"twitter_card":"summary_large_image","twitter_misc":{"Est. reading time":"1 minute"},"schema":{"@context":"https:\/\/schema.org","@graph":[{"@type":"WebPage","@id":"https:\/\/www.frantisekjungvirt.com\/en\/product\/four-seasons-large-vase-brilliant\/","url":"https:\/\/www.frantisekjungvirt.com\/en\/product\/four-seasons-large-vase-brilliant\/","name":"FOUR SEASONS LARGE VASE AUTUMN - ENG Franti\u0161ek Jungvirt","isPartOf":{"@id":"https:\/\/www.frantisekjungvirt.com\/en\/#website"},"primaryImageOfPage":{"@id":"https:\/\/www.frantisekjungvirt.com\/en\/product\/four-seasons-large-vase-brilliant\/#primaryimage"},"image":{"@id":"https:\/\/www.frantisekjungvirt.com\/en\/product\/four-seasons-large-vase-brilliant\/#primaryimage"},"thumbnailUrl":"https:\/\/www.frantisekjungvirt.com\/en\/wp-content\/uploads\/sites\/2\/2024\/07\/zluta.jpg","datePublished":"2024-07-15T15:48:55+00:00","dateModified":"2026-03-22T17:16:54+00:00","breadcrumb":{"@id":"https:\/\/www.frantisekjungvirt.com\/en\/product\/four-seasons-large-vase-brilliant\/#breadcrumb"},"inLanguage":"en-US","potentialAction":[{"@type":"ReadAction","target":["https:\/\/www.frantisekjungvirt.com\/en\/product\/four-seasons-large-vase-brilliant\/"]}]},{"@type":"ImageObject","inLanguage":"en-US","@id":"https:\/\/www.frantisekjungvirt.com\/en\/product\/four-seasons-large-vase-brilliant\/#primaryimage","url":"https:\/\/www.frantisekjungvirt.com\/en\/wp-content\/uploads\/sites\/2\/2024\/07\/zluta.jpg","contentUrl":"https:\/\/www.frantisekjungvirt.com\/en\/wp-content\/uploads\/sites\/2\/2024\/07\/zluta.jpg","width":1429,"height":2000},{"@type":"BreadcrumbList","@id":"https:\/\/www.frantisekjungvirt.com\/en\/product\/four-seasons-large-vase-brilliant\/#breadcrumb","itemListElement":[{"@type":"ListItem","position":1,"name":"Home","item":"https:\/\/www.frantisekjungvirt.com\/en\/"},{"@type":"ListItem","position":2,"name":"E-SHOP","item":"https:\/\/www.frantisekjungvirt.com\/en\/shop\/"},{"@type":"ListItem","position":3,"name":"Design","item":"https:\/\/www.frantisekjungvirt.com\/en\/product-category\/design\/"},{"@type":"ListItem","position":4,"name":"FOUR SEASONS LARGE VASE AUTUMN"}]},{"@type":"WebSite","@id":"https:\/\/www.frantisekjungvirt.com\/en\/#website","url":"https:\/\/www.frantisekjungvirt.com\/en\/","name":"ENG Franti\u0161ek Jungvirt","description":"Czech art glass Painting and Design","potentialAction":[{"@type":"SearchAction","target":{"@type":"EntryPoint","urlTemplate":"https:\/\/www.frantisekjungvirt.com\/en\/?s={search_term_string}"},"query-input":{"@type":"PropertyValueSpecification","valueRequired":true,"valueName":"search_term_string"}}],"inLanguage":"en-US"}]}},"_links":{"self":[{"href":"https:\/\/www.frantisekjungvirt.com\/en\/wp-json\/wp\/v2\/product\/6874","targetHints":{"allow":["GET"]}}],"collection":[{"href":"https:\/\/www.frantisekjungvirt.com\/en\/wp-json\/wp\/v2\/product"}],"about":[{"href":"https:\/\/www.frantisekjungvirt.com\/en\/wp-json\/wp\/v2\/types\/product"}],"wp:featuredmedia":[{"embeddable":true,"href":"https:\/\/www.frantisekjungvirt.com\/en\/wp-json\/wp\/v2\/media\/6875"}],"wp:attachment":[{"href":"https:\/\/www.frantisekjungvirt.com\/en\/wp-json\/wp\/v2\/media?parent=6874"}],"wp:term":[{"taxonomy":"product_brand","embeddable":true,"href":"https:\/\/www.frantisekjungvirt.com\/en\/wp-json\/wp\/v2\/product_brand?post=6874"},{"taxonomy":"product_cat","embeddable":true,"href":"https:\/\/www.frantisekjungvirt.com\/en\/wp-json\/wp\/v2\/product_cat?post=6874"},{"taxonomy":"product_tag","embeddable":true,"href":"https:\/\/www.frantisekjungvirt.com\/en\/wp-json\/wp\/v2\/product_tag?post=6874"}],"curies":[{"name":"wp","href":"https:\/\/api.w.org\/{rel}","templated":true}]}}