{"id":8618,"date":"2025-06-15T00:23:42","date_gmt":"2025-06-14T22:23:42","guid":{"rendered":"https:\/\/www.frantisekjungvirt.com\/en\/?post_type=product&#038;p=8618"},"modified":"2025-11-02T09:51:40","modified_gmt":"2025-11-02T08:51:40","slug":"garden-artistic-object-v-signaller-jungvirt-x-svachova-collectible-unique","status":"publish","type":"product","link":"https:\/\/www.frantisekjungvirt.com\/en\/product\/garden-artistic-object-v-signaller-jungvirt-x-svachova-collectible-unique\/","title":{"rendered":"GARDEN ARTISTIC &#8211; SIGNALLER (COLLECTIBLE UNIQUE)"},"content":{"rendered":"<p>You can find more photos and information on the <a href=\"https:\/\/www.frantisekjungvirt.com\/blog\/portfolio_page\/trdlik-uv\/\">project page<\/a>.<\/p>\n","protected":false},"excerpt":{"rendered":"<p>A unique collectible object from the <strong>JUNGVIRT X SVACHOVA<\/strong>\u00a0collaboration series.<\/p>\n<p>&nbsp;<\/p>\n<p>Each object is made in<strong> only one original<\/strong>.<\/p>\n<p>&nbsp;<\/p>\n<p>A series of objects created<strong> in collaboration between designer Franti\u0161ek Jungvirt and multidisciplinary artist Pavl\u00edna \u0160v\u00e1chov\u00e1<\/strong>. Both Jungvirt and \u0160v\u00e1chov\u00e1 like to walk the fine line <strong>between design and art<\/strong> &#8211; and sometimes completely destroy it. Similar to the case of this collection of theirs, <strong>where an object can serve as a vase one day and as a work of art the next<\/strong>. It brings a <strong>surprising, playful element<\/strong> to the interior.<strong> The removable 3D drawing elevates the vase and itself to an art object<\/strong>.<\/p>\n<p>&nbsp;<\/p>\n<p>The GARDEN vase is first mouth-blown into a wooden mold made of colored glass. Then it is complemented by a glass <strong>3D drawing, a sculpture by Pavl\u00edna \u0160v\u00e1chov\u00e1 &#8211; made by hand over a burner to the size of the vase<\/strong>.<\/p>\n<p>&nbsp;<\/p>\n<p>Signed, numbered and certified<\/p>\n<p>&nbsp;<\/p>\n<p><strong>Parameters:<\/strong><\/p>\n<ul>\n<li>collaboration between Franti\u0161ek Jungvirt and Pavl\u00edna \u0160v\u00e1chov\u00e1<\/li>\n<li>glass, mouth-blown, hand-cut and polished into high gloss, hand-shaped (over a burner) glass sculpture-drawing<\/li>\n<li>50 x 26 cm<\/li>\n<\/ul>\n<div><\/div>\n<div><\/div>\n<p>&nbsp;<\/p>\n<p>&nbsp;<\/p>\n","protected":false},"featured_media":8514,"template":"","meta":{"_acf_changed":false},"product_brand":[],"product_cat":[51,87,27,107],"product_tag":[],"class_list":{"0":"post-8618","1":"product","2":"type-product","3":"status-publish","4":"has-post-thumbnail","6":"product_cat-craft","7":"product_cat-garden-artistic","8":"product_cat-art","9":"product_cat-garden-artistic-art","11":"first","12":"instock","13":"taxable","14":"shipping-taxable","15":"purchasable","16":"product-type-simple"},"acf":[],"yoast_head":"<!-- This site is optimized with the Yoast SEO plugin v25.5 - https:\/\/yoast.com\/wordpress\/plugins\/seo\/ -->\n<title>GARDEN ARTISTIC - SIGNALLER (COLLECTIBLE UNIQUE) - ENG Franti\u0161ek Jungvirt<\/title>\n<meta name=\"robots\" content=\"index, follow, max-snippet:-1, max-image-preview:large, max-video-preview:-1\" \/>\n<link rel=\"canonical\" href=\"https:\/\/www.frantisekjungvirt.com\/en\/product\/garden-artistic-object-v-signaller-jungvirt-x-svachova-collectible-unique\/\" \/>\n<meta property=\"og:locale\" content=\"en_US\" \/>\n<meta property=\"og:type\" content=\"article\" \/>\n<meta property=\"og:title\" content=\"GARDEN ARTISTIC - SIGNALLER (COLLECTIBLE UNIQUE) - ENG Franti\u0161ek Jungvirt\" \/>\n<meta property=\"og:description\" content=\"A unique collectible object from the JUNGVIRT X SVACHOVA\u00a0collaboration series.  &nbsp;  Each object is made in only one original.  &nbsp;  A series of objects created in collaboration between designer Franti\u0161ek Jungvirt and multidisciplinary artist Pavl\u00edna \u0160v\u00e1chov\u00e1. Both Jungvirt and \u0160v\u00e1chov\u00e1 like to walk the fine line between design and art - and sometimes completely destroy it. Similar to the case of this collection of theirs, where an object can serve as a vase one day and as a work of art the next. It brings a surprising, playful element to the interior. The removable 3D drawing elevates the vase and itself to an art object.  &nbsp;  The GARDEN vase is first mouth-blown into a wooden mold made of colored glass. Then it is complemented by a glass 3D drawing, a sculpture by Pavl\u00edna \u0160v\u00e1chov\u00e1 - made by hand over a burner to the size of the vase.  &nbsp;  Signed, numbered and certified  &nbsp;  Parameters:   collaboration between Franti\u0161ek Jungvirt and Pavl\u00edna \u0160v\u00e1chov\u00e1  glass, mouth-blown, hand-cut and polished into high gloss, hand-shaped (over a burner) glass sculpture-drawing  50 x 26 cm    &nbsp;  &nbsp;\" \/>\n<meta property=\"og:url\" content=\"https:\/\/www.frantisekjungvirt.com\/en\/product\/garden-artistic-object-v-signaller-jungvirt-x-svachova-collectible-unique\/\" \/>\n<meta property=\"og:site_name\" content=\"ENG Franti\u0161ek Jungvirt\" \/>\n<meta property=\"article:modified_time\" content=\"2025-11-02T08:51:40+00:00\" \/>\n<meta property=\"og:image\" content=\"https:\/\/www.frantisekjungvirt.com\/en\/wp-content\/uploads\/sites\/2\/2025\/06\/20250530VilaVolman00145-scaled-e1749939952216.jpg\" \/>\n\t<meta property=\"og:image:width\" content=\"1299\" \/>\n\t<meta property=\"og:image:height\" content=\"1299\" \/>\n\t<meta property=\"og:image:type\" content=\"image\/jpeg\" \/>\n<meta name=\"twitter:card\" content=\"summary_large_image\" \/>\n<meta name=\"twitter:label1\" content=\"Est. reading time\" \/>\n\t<meta name=\"twitter:data1\" content=\"1 minute\" \/>\n<script type=\"application\/ld+json\" class=\"yoast-schema-graph\">{\"@context\":\"https:\/\/schema.org\",\"@graph\":[{\"@type\":\"WebPage\",\"@id\":\"https:\/\/www.frantisekjungvirt.com\/en\/product\/garden-artistic-object-v-signaller-jungvirt-x-svachova-collectible-unique\/\",\"url\":\"https:\/\/www.frantisekjungvirt.com\/en\/product\/garden-artistic-object-v-signaller-jungvirt-x-svachova-collectible-unique\/\",\"name\":\"GARDEN ARTISTIC - SIGNALLER (COLLECTIBLE UNIQUE) - ENG Franti\u0161ek Jungvirt\",\"isPartOf\":{\"@id\":\"https:\/\/www.frantisekjungvirt.com\/en\/#website\"},\"primaryImageOfPage\":{\"@id\":\"https:\/\/www.frantisekjungvirt.com\/en\/product\/garden-artistic-object-v-signaller-jungvirt-x-svachova-collectible-unique\/#primaryimage\"},\"image\":{\"@id\":\"https:\/\/www.frantisekjungvirt.com\/en\/product\/garden-artistic-object-v-signaller-jungvirt-x-svachova-collectible-unique\/#primaryimage\"},\"thumbnailUrl\":\"https:\/\/www.frantisekjungvirt.com\/en\/wp-content\/uploads\/sites\/2\/2025\/06\/20250530VilaVolman00145-scaled-e1749939952216.jpg\",\"datePublished\":\"2025-06-14T22:23:42+00:00\",\"dateModified\":\"2025-11-02T08:51:40+00:00\",\"breadcrumb\":{\"@id\":\"https:\/\/www.frantisekjungvirt.com\/en\/product\/garden-artistic-object-v-signaller-jungvirt-x-svachova-collectible-unique\/#breadcrumb\"},\"inLanguage\":\"en-US\",\"potentialAction\":[{\"@type\":\"ReadAction\",\"target\":[\"https:\/\/www.frantisekjungvirt.com\/en\/product\/garden-artistic-object-v-signaller-jungvirt-x-svachova-collectible-unique\/\"]}]},{\"@type\":\"ImageObject\",\"inLanguage\":\"en-US\",\"@id\":\"https:\/\/www.frantisekjungvirt.com\/en\/product\/garden-artistic-object-v-signaller-jungvirt-x-svachova-collectible-unique\/#primaryimage\",\"url\":\"https:\/\/www.frantisekjungvirt.com\/en\/wp-content\/uploads\/sites\/2\/2025\/06\/20250530VilaVolman00145-scaled-e1749939952216.jpg\",\"contentUrl\":\"https:\/\/www.frantisekjungvirt.com\/en\/wp-content\/uploads\/sites\/2\/2025\/06\/20250530VilaVolman00145-scaled-e1749939952216.jpg\",\"width\":1299,\"height\":1299},{\"@type\":\"BreadcrumbList\",\"@id\":\"https:\/\/www.frantisekjungvirt.com\/en\/product\/garden-artistic-object-v-signaller-jungvirt-x-svachova-collectible-unique\/#breadcrumb\",\"itemListElement\":[{\"@type\":\"ListItem\",\"position\":1,\"name\":\"Home\",\"item\":\"https:\/\/www.frantisekjungvirt.com\/en\/\"},{\"@type\":\"ListItem\",\"position\":2,\"name\":\"E-SHOP\",\"item\":\"https:\/\/www.frantisekjungvirt.com\/en\/shop\/\"},{\"@type\":\"ListItem\",\"position\":3,\"name\":\"Craft\",\"item\":\"https:\/\/www.frantisekjungvirt.com\/en\/product-category\/craft\/\"},{\"@type\":\"ListItem\",\"position\":4,\"name\":\"GARDEN ARTISTIC\",\"item\":\"https:\/\/www.frantisekjungvirt.com\/en\/product-category\/craft\/garden-artistic\/\"},{\"@type\":\"ListItem\",\"position\":5,\"name\":\"GARDEN ARTISTIC &#8211; SIGNALLER (COLLECTIBLE UNIQUE)\"}]},{\"@type\":\"WebSite\",\"@id\":\"https:\/\/www.frantisekjungvirt.com\/en\/#website\",\"url\":\"https:\/\/www.frantisekjungvirt.com\/en\/\",\"name\":\"ENG Franti\u0161ek Jungvirt\",\"description\":\"Czech art glass Painting and Design\",\"potentialAction\":[{\"@type\":\"SearchAction\",\"target\":{\"@type\":\"EntryPoint\",\"urlTemplate\":\"https:\/\/www.frantisekjungvirt.com\/en\/?s={search_term_string}\"},\"query-input\":{\"@type\":\"PropertyValueSpecification\",\"valueRequired\":true,\"valueName\":\"search_term_string\"}}],\"inLanguage\":\"en-US\"}]}<\/script>\n<!-- \/ Yoast SEO plugin. -->","yoast_head_json":{"title":"GARDEN ARTISTIC - SIGNALLER (COLLECTIBLE UNIQUE) - ENG Franti\u0161ek Jungvirt","robots":{"index":"index","follow":"follow","max-snippet":"max-snippet:-1","max-image-preview":"max-image-preview:large","max-video-preview":"max-video-preview:-1"},"canonical":"https:\/\/www.frantisekjungvirt.com\/en\/product\/garden-artistic-object-v-signaller-jungvirt-x-svachova-collectible-unique\/","og_locale":"en_US","og_type":"article","og_title":"GARDEN ARTISTIC - SIGNALLER (COLLECTIBLE UNIQUE) - ENG Franti\u0161ek Jungvirt","og_description":"A unique collectible object from the JUNGVIRT X SVACHOVA\u00a0collaboration series.  &nbsp;  Each object is made in only one original.  &nbsp;  A series of objects created in collaboration between designer Franti\u0161ek Jungvirt and multidisciplinary artist Pavl\u00edna \u0160v\u00e1chov\u00e1. Both Jungvirt and \u0160v\u00e1chov\u00e1 like to walk the fine line between design and art - and sometimes completely destroy it. Similar to the case of this collection of theirs, where an object can serve as a vase one day and as a work of art the next. It brings a surprising, playful element to the interior. The removable 3D drawing elevates the vase and itself to an art object.  &nbsp;  The GARDEN vase is first mouth-blown into a wooden mold made of colored glass. Then it is complemented by a glass 3D drawing, a sculpture by Pavl\u00edna \u0160v\u00e1chov\u00e1 - made by hand over a burner to the size of the vase.  &nbsp;  Signed, numbered and certified  &nbsp;  Parameters:   collaboration between Franti\u0161ek Jungvirt and Pavl\u00edna \u0160v\u00e1chov\u00e1  glass, mouth-blown, hand-cut and polished into high gloss, hand-shaped (over a burner) glass sculpture-drawing  50 x 26 cm    &nbsp;  &nbsp;","og_url":"https:\/\/www.frantisekjungvirt.com\/en\/product\/garden-artistic-object-v-signaller-jungvirt-x-svachova-collectible-unique\/","og_site_name":"ENG Franti\u0161ek Jungvirt","article_modified_time":"2025-11-02T08:51:40+00:00","og_image":[{"width":1299,"height":1299,"url":"https:\/\/www.frantisekjungvirt.com\/en\/wp-content\/uploads\/sites\/2\/2025\/06\/20250530VilaVolman00145-scaled-e1749939952216.jpg","type":"image\/jpeg"}],"twitter_card":"summary_large_image","twitter_misc":{"Est. reading time":"1 minute"},"schema":{"@context":"https:\/\/schema.org","@graph":[{"@type":"WebPage","@id":"https:\/\/www.frantisekjungvirt.com\/en\/product\/garden-artistic-object-v-signaller-jungvirt-x-svachova-collectible-unique\/","url":"https:\/\/www.frantisekjungvirt.com\/en\/product\/garden-artistic-object-v-signaller-jungvirt-x-svachova-collectible-unique\/","name":"GARDEN ARTISTIC - SIGNALLER (COLLECTIBLE UNIQUE) - ENG Franti\u0161ek Jungvirt","isPartOf":{"@id":"https:\/\/www.frantisekjungvirt.com\/en\/#website"},"primaryImageOfPage":{"@id":"https:\/\/www.frantisekjungvirt.com\/en\/product\/garden-artistic-object-v-signaller-jungvirt-x-svachova-collectible-unique\/#primaryimage"},"image":{"@id":"https:\/\/www.frantisekjungvirt.com\/en\/product\/garden-artistic-object-v-signaller-jungvirt-x-svachova-collectible-unique\/#primaryimage"},"thumbnailUrl":"https:\/\/www.frantisekjungvirt.com\/en\/wp-content\/uploads\/sites\/2\/2025\/06\/20250530VilaVolman00145-scaled-e1749939952216.jpg","datePublished":"2025-06-14T22:23:42+00:00","dateModified":"2025-11-02T08:51:40+00:00","breadcrumb":{"@id":"https:\/\/www.frantisekjungvirt.com\/en\/product\/garden-artistic-object-v-signaller-jungvirt-x-svachova-collectible-unique\/#breadcrumb"},"inLanguage":"en-US","potentialAction":[{"@type":"ReadAction","target":["https:\/\/www.frantisekjungvirt.com\/en\/product\/garden-artistic-object-v-signaller-jungvirt-x-svachova-collectible-unique\/"]}]},{"@type":"ImageObject","inLanguage":"en-US","@id":"https:\/\/www.frantisekjungvirt.com\/en\/product\/garden-artistic-object-v-signaller-jungvirt-x-svachova-collectible-unique\/#primaryimage","url":"https:\/\/www.frantisekjungvirt.com\/en\/wp-content\/uploads\/sites\/2\/2025\/06\/20250530VilaVolman00145-scaled-e1749939952216.jpg","contentUrl":"https:\/\/www.frantisekjungvirt.com\/en\/wp-content\/uploads\/sites\/2\/2025\/06\/20250530VilaVolman00145-scaled-e1749939952216.jpg","width":1299,"height":1299},{"@type":"BreadcrumbList","@id":"https:\/\/www.frantisekjungvirt.com\/en\/product\/garden-artistic-object-v-signaller-jungvirt-x-svachova-collectible-unique\/#breadcrumb","itemListElement":[{"@type":"ListItem","position":1,"name":"Home","item":"https:\/\/www.frantisekjungvirt.com\/en\/"},{"@type":"ListItem","position":2,"name":"E-SHOP","item":"https:\/\/www.frantisekjungvirt.com\/en\/shop\/"},{"@type":"ListItem","position":3,"name":"Craft","item":"https:\/\/www.frantisekjungvirt.com\/en\/product-category\/craft\/"},{"@type":"ListItem","position":4,"name":"GARDEN ARTISTIC","item":"https:\/\/www.frantisekjungvirt.com\/en\/product-category\/craft\/garden-artistic\/"},{"@type":"ListItem","position":5,"name":"GARDEN ARTISTIC &#8211; SIGNALLER (COLLECTIBLE UNIQUE)"}]},{"@type":"WebSite","@id":"https:\/\/www.frantisekjungvirt.com\/en\/#website","url":"https:\/\/www.frantisekjungvirt.com\/en\/","name":"ENG Franti\u0161ek Jungvirt","description":"Czech art glass Painting and Design","potentialAction":[{"@type":"SearchAction","target":{"@type":"EntryPoint","urlTemplate":"https:\/\/www.frantisekjungvirt.com\/en\/?s={search_term_string}"},"query-input":{"@type":"PropertyValueSpecification","valueRequired":true,"valueName":"search_term_string"}}],"inLanguage":"en-US"}]}},"_links":{"self":[{"href":"https:\/\/www.frantisekjungvirt.com\/en\/wp-json\/wp\/v2\/product\/8618","targetHints":{"allow":["GET"]}}],"collection":[{"href":"https:\/\/www.frantisekjungvirt.com\/en\/wp-json\/wp\/v2\/product"}],"about":[{"href":"https:\/\/www.frantisekjungvirt.com\/en\/wp-json\/wp\/v2\/types\/product"}],"wp:featuredmedia":[{"embeddable":true,"href":"https:\/\/www.frantisekjungvirt.com\/en\/wp-json\/wp\/v2\/media\/8514"}],"wp:attachment":[{"href":"https:\/\/www.frantisekjungvirt.com\/en\/wp-json\/wp\/v2\/media?parent=8618"}],"wp:term":[{"taxonomy":"product_brand","embeddable":true,"href":"https:\/\/www.frantisekjungvirt.com\/en\/wp-json\/wp\/v2\/product_brand?post=8618"},{"taxonomy":"product_cat","embeddable":true,"href":"https:\/\/www.frantisekjungvirt.com\/en\/wp-json\/wp\/v2\/product_cat?post=8618"},{"taxonomy":"product_tag","embeddable":true,"href":"https:\/\/www.frantisekjungvirt.com\/en\/wp-json\/wp\/v2\/product_tag?post=8618"}],"curies":[{"name":"wp","href":"https:\/\/api.w.org\/{rel}","templated":true}]}}